{"id":13816,"date":"2018-07-07T16:45:51","date_gmt":"2018-07-07T14:45:51","guid":{"rendered":"https:\/\/www.myresidence.de\/cancellation-policy\/"},"modified":"2018-07-07T22:38:56","modified_gmt":"2018-07-07T20:38:56","slug":"cancellation-policy","status":"publish","type":"page","link":"https:\/\/www.myresidence.de\/en\/cancellation-policy\/","title":{"rendered":"Cancellation Policy"},"content":{"rendered":"<p>[et_pb_section bb_built=&#8221;1&#8243; fullwidth=&#8221;off&#8221; specialty=&#8221;on&#8221; _builder_version=&#8221;3.0.93&#8243; custom_padding=&#8221;0px|10px||10px&#8221; custom_padding_last_edited=&#8221;on|desktop&#8221;][et_pb_column type=&#8221;3_4&#8243; specialty_columns=&#8221;3&#8243;][et_pb_row_inner custom_padding=&#8221;35px|0px|0px|0px&#8221; parallax_method_1=&#8221;off&#8221; custom_padding_last_edited=&#8221;on|phone&#8221; _builder_version=&#8221;3.0.92&#8243; custom_margin=&#8221;0px|||&#8221; custom_padding_tablet=&#8221;30px|0px|0px|0px&#8221;][et_pb_column_inner type=&#8221;4_4&#8243; saved_specialty_column_type=&#8221;3_4&#8243;][et_pb_divider color=&#8221;#1976d2&#8243; show_divider=&#8221;on&#8221; height=&#8221;0px&#8221; _builder_version=&#8221;3.0.91&#8243; custom_margin_last_edited=&#8221;on|desktop&#8221; custom_margin=&#8221;||20px|&#8221; \/][et_pb_text _builder_version=&#8221;3.0.92&#8243; background_color=&#8221;rgba(189,189,189,0.1)&#8221; custom_padding=&#8221;20px||10px|&#8221; custom_padding_last_edited=&#8221;on|phone&#8221; custom_padding_tablet=&#8221;|10px||10px&#8221; custom_margin=&#8221;||20px|&#8221; custom_margin_last_edited=&#8221;on|desktop&#8221; background_layout=&#8221;light&#8221; header_2_font_size=&#8221;22px&#8221; header_2_font_size_phone=&#8221;20px&#8221; header_2_font_size_last_edited=&#8221;on|phone&#8221;]<\/p>\n<h1 style=\"text-align: center;\">CANCELLATION POLICY<\/h1>\n<h2 style=\"text-align: center;\">Belehrung \u00fcber das Widerrufsrecht eines Verbrauchers<\/h2>\n<p>[\/et_pb_text][et_pb_divider color=&#8221;#1976d2&#8243; show_divider=&#8221;on&#8221; height=&#8221;0px&#8221; _builder_version=&#8221;3.0.91&#8243; custom_margin_last_edited=&#8221;on|tablet&#8221; custom_margin_tablet=&#8221;|||&#8221; \/][\/et_pb_column_inner][\/et_pb_row_inner][et_pb_row_inner admin_label=&#8221;Row&#8221; _builder_version=&#8221;3.0.92&#8243; custom_padding_last_edited=&#8221;on|desktop&#8221;][et_pb_column_inner type=&#8221;4_4&#8243; saved_specialty_column_type=&#8221;3_4&#8243;][et_pb_text admin_label=&#8221;WIDERRRUFSBELEHRUNG&#8221; background_position=&#8221;top_left&#8221; background_repeat=&#8221;repeat&#8221; background_size=&#8221;initial&#8221; _builder_version=&#8221;3.0.92&#8243; background_layout=&#8221;light&#8221; module_class=&#8221;widerruf&#8221;]<\/p>\n<h2>Widerrufsrecht<\/h2>\n<p>Sie haben das Recht, binnen vierzehn Tagen ohne Angabe von Gr\u00fcnden den Vertrag zu widerrufen. Die Widerrufsfrist betr\u00e4gt vierzehn Tage ab dem Tag des Vertragsabschlusses.<\/p>\n<p>Um Ihr Widerrufsrecht auszu\u00fcben, m\u00fcssen Sie uns, myresidence Immobilienmanagement GmbH, Lachnerstrasse 16, 80639 M\u00fcnchen, empfang@myresidence.de, mittels einer eindeutigen Erkl\u00e4rung (z.B. einen mit der Post versandten Brief oder eine E-Mail) \u00fcber Ihren Entschlu\u00df, den Vertrag zu widerrufen, informieren. Sie k\u00f6nnen daf\u00fcr&nbsp;<a href=\"https:\/\/www.myresidence.de\/Widerrufsformular.pdf\">hier<\/a>&nbsp;ein Muster-Widerrufsformular herunterladen, was jedoch nicht&nbsp;vorgeschrieben ist. Zur Wahrung der Widerrufsfrist reicht es aus, da\u00df Sie die Mitteilung \u00fcber die Aus\u00fcbung des Widerrufsrechts vor Ablauf der Widerrufsfrist absenden.<\/p>\n<p>&nbsp;<\/p>\n<h2>Folgen des Widerrufs<\/h2>\n<p>Wenn Sie den Vertrag widerrufen, haben wir Ihnen s\u00e4mtliche Zahlungen, die wir von Ihnen erhalten haben, einschlie\u00dflich der Lieferkosten (mit Ausnahme zus\u00e4tzlicher Kosten, die sich dadurch ergeben haben, da\u00df Sie eine andere Art der Lieferung als die von uns angebotene, g\u00fcnstigste Standardlieferung w\u00e4hlten), unverz\u00fcglich und sp\u00e4testens binnen vierzehn Tagen ab dem Tag zur\u00fcckzuzahlen, an dem die Mitteilung \u00fcber Ihren Widerruf des Vertrags bei uns eingegangen ist. F\u00fcr diese R\u00fcckzahlung verwenden wir dasselbe Zahlungsmittel, das Sie bei der urspr\u00fcnglichen Transaktion eingesetzt haben, es sei denn, mit Ihnen war ausdr\u00fccklich etwas anderes vereinbart; in keinem Fall werden Ihnen wegen dieser R\u00fcckzahlung etwaige Entgelte berechnet.<\/p>\n<p>Haben Sie verlangt, da\u00df unsere Dienstleistungen w\u00e4hrend der Widerrufsfrist beginnen sollen, so haben Sie uns einen angemessenen Betrag zu zahlen, der dem Anteil der bis zu dem Zeitpunkt, zu dem Sie uns von der Aus\u00fcbung des Widerrufsrechts hinsichtlich dieses Vertrags unterrichten, schon erbrachten Dienstleistungen im Vergleich zum Gesamtumfang der im Vertrag vorgesehenen Dienstleistungen entspricht.<\/p>\n<p>[\/et_pb_text][\/et_pb_column_inner][\/et_pb_row_inner][\/et_pb_column][et_pb_column type=&#8221;1_4&#8243;][\/et_pb_column][\/et_pb_section]<\/p>\n","protected":false},"excerpt":{"rendered":"<p>[et_pb_section bb_built=&#8221;1&#8243; fullwidth=&#8221;off&#8221; specialty=&#8221;on&#8221; _builder_version=&#8221;3.0.93&#8243; custom_padding=&#8221;0px|10px||10px&#8221; custom_padding_last_edited=&#8221;on|desktop&#8221;][et_pb_column type=&#8221;3_4&#8243; specialty_columns=&#8221;3&#8243;][et_pb_row_inner custom_padding=&#8221;35px|0px|0px|0px&#8221; parallax_method_1=&#8221;off&#8221; custom_padding_last_edited=&#8221;on|phone&#8221; _builder_version=&#8221;3.0.92&#8243; custom_margin=&#8221;0px|||&#8221; custom_padding_tablet=&#8221;30px|0px|0px|0px&#8221;][et_pb_column_inner type=&#8221;4_4&#8243; saved_specialty_column_type=&#8221;3_4&#8243;][et_pb_divider color=&#8221;#1976d2&#8243; show_divider=&#8221;on&#8221; height=&#8221;0px&#8221; _builder_version=&#8221;3.0.91&#8243; custom_margin_last_edited=&#8221;on|desktop&#8221; custom_margin=&#8221;||20px|&#8221; \/][et_pb_text _builder_version=&#8221;3.0.92&#8243; background_color=&#8221;rgba(189,189,189,0.1)&#8221; custom_padding=&#8221;20px||10px|&#8221; custom_padding_last_edited=&#8221;on|phone&#8221; custom_padding_tablet=&#8221;|10px||10px&#8221; custom_margin=&#8221;||20px|&#8221; custom_margin_last_edited=&#8221;on|desktop&#8221; background_layout=&#8221;light&#8221; header_2_font_size=&#8221;22px&#8221; header_2_font_size_phone=&#8221;20px&#8221; header_2_font_size_last_edited=&#8221;on|phone&#8221;] CANCELLATION POLICY Belehrung \u00fcber das Widerrufsrecht eines Verbrauchers [\/et_pb_text][et_pb_divider color=&#8221;#1976d2&#8243; show_divider=&#8221;on&#8221; height=&#8221;0px&#8221; _builder_version=&#8221;3.0.91&#8243; custom_margin_last_edited=&#8221;on|tablet&#8221; custom_margin_tablet=&#8221;|||&#8221; \/][\/et_pb_column_inner][\/et_pb_row_inner][et_pb_row_inner admin_label=&#8221;Row&#8221; _builder_version=&#8221;3.0.92&#8243; custom_padding_last_edited=&#8221;on|desktop&#8221;][et_pb_column_inner type=&#8221;4_4&#8243; [&hellip;]<\/p>\n","protected":false},"author":1,"featured_media":0,"parent":0,"menu_order":0,"comment_status":"closed","ping_status":"closed","template":"","meta":{"_et_pb_use_builder":"on","_et_pb_old_content":"<h1>Widerrufsbelehrung<\/h1><p>\u00a0<\/p><p>Verbraucher haben das folgende Widerrufsrecht:<\/p><p>\u00a0<\/p><h2>Widerrufsbelehrung:<\/h2><p>\u00a0<\/p><p>Sie haben das Recht, binnen vierzehn Tagen ohne Angabe von Gr\u00fcnden diesen Vertrag zu widerrufen. Die Widerrufsfrist betr\u00e4gt vierzehn Tage ab dem Tag des Vertragsabschlusses.<\/p><p>Um Ihr Widerrufsrecht auszu\u00fcben, m\u00fcssen Sie uns, myresidence Immobilienmanagement GmbH, Lachnerstrasse 16, 80639 M\u00fcnchen, empfang@myresidence.de, mittels einer eindeutigen Erkl\u00e4rung (z.B. ein mit der Post versandter Brief oder E-Mail) \u00fcber Ihren Entschluss, diesen Vertrag zu widerrufen, informieren. Sie k\u00f6nnen daf\u00fcr\u00a0<a href=\"https:\/\/www.myresidence.de\/Widerrufsformular.pdf\">hier<\/a>\u00a0ein Muster-Widerrufsformular herunterladen, das jedoch nicht\u00a0vorgeschrieben ist. Zur Wahrung der Widerrufsfrist reicht es aus, dass Sie die Mitteilung \u00fcber die Aus\u00fcbung des Widerrufsrechts vor Ablauf der Widerrufsfrist absenden.<\/p><p>\u00a0<\/p><h2>Folgen des Widerrufs:<\/h2><p>\u00a0<\/p><p>Wenn Sie diesen Vertrag widerrufen, haben wir Ihnen alle Zahlungen, die wir von Ihnen erhalten haben, einschlie\u00dflich der Lieferkosten (mit Ausnahme der zus\u00e4tzlichen Kosten, die sich daraus ergeben, dass Sie eine andere Art der Lieferung als die von uns angebotene, g\u00fcnstigste Standardlieferung gew\u00e4hlt haben), unverz\u00fcglich und sp\u00e4testens binnen vierzehn Tagen ab dem Tag zur\u00fcckzuzahlen, an dem die Mitteilung \u00fcber Ihren Widerruf dieses Vertrags bei uns eingegangen ist. F\u00fcr diese R\u00fcckzahlung verwenden wir dasselbe Zahlungsmittel, das Sie bei der urspr\u00fcnglichen Transaktion eingesetzt haben, es sei denn, mit Ihnen wurde ausdr\u00fccklich etwas anderes vereinbart; in keinem Fall werden Ihnen wegen dieser R\u00fcckzahlung Entgelte berechnet.<\/p><p>Haben Sie verlangt, dass die Dienstleistungen w\u00e4hrend der Widerrufsfrist beginnen sollen, so haben Sie uns einen angemessenen Betrag zu zahlen, der dem Anteil der bis zu dem Zeitpunkt, zu dem Sie uns von der Aus\u00fcbung des Widerrufsrechts hinsichtlich dieses Vertrags unterrichten, bereits erbrachten Dienstleistungen im Vergleich zum Gesamtumfang der im Vertrag vorgesehenen Dienstleistungen entspricht.<\/p><p>\u00a0<\/p><h2>Muster-Widerrufsformular:<\/h2><p>\u00a0<\/p><p>Wenn Sie den Vertrag widerrufen wollen, dann f\u00fcllen Sie bitte dieses Formular aus und senden Sie es zur\u00fcck.<\/p><p>An <strong>myresidence Immobilienmanagement GmbH, Lachnerstrasse 16, 80639 M\u00fcnchen, empfang@myresidence.de<\/strong><strong>:<\/strong><\/p><p>Hiermit widerrufe(n) ich\/wir (*) den von mir\/uns (*) abgeschlossenen Vertrag \u00fcber den Kauf der folgenden Waren (*)\/ die Erbringung der folgenden Dienstleistung (*)<br \/> \u2013 Bestellt am (*)\/ erhalten am (*):<br \/> \u2013 Name des\/der Verbraucher(s):<br \/> \u2013 Anschrift des\/der Verbraucher(s):<br \/> \u2013 Datum:<br \/> \u2013 Unterschrift des\/der Verbraucher(s) (nur bei Mitteilung auf Papier):<\/p><p><em>(*) Unzutreffendes streichen.<\/em><\/p><p>\u00a0<\/p><p>\u00a0<\/p>","_et_gb_content_width":""},"yoast_head":"<!-- This site is optimized with the Yoast SEO Premium plugin v16.6 (Yoast SEO v16.6.1) - https:\/\/yoast.com\/wordpress\/plugins\/seo\/ -->\n<title>Cancellation Policy | myresidence Real Estate Brokerage Munich<\/title>\n<meta name=\"description\" content=\"Belehrung \u00fcber das Widerrufsrecht eines Verbrauchers. Sie haben das Recht, binnen vierzehn Tagen ohne Angabe von Gr\u00fcnden den Vertrag zu widerrufen.\" \/>\n<meta name=\"robots\" content=\"index, follow, max-snippet:-1, max-image-preview:large, max-video-preview:-1\" \/>\n<link rel=\"canonical\" href=\"https:\/\/www.myresidence.de\/en\/cancellation-policy\/\" \/>\n<meta property=\"og:locale\" content=\"en_US\" \/>\n<meta property=\"og:type\" content=\"article\" \/>\n<meta property=\"og:title\" content=\"Cancellation Policy\" \/>\n<meta property=\"og:description\" content=\"Belehrung \u00fcber das Widerrufsrecht eines Verbrauchers. Sie haben das Recht, binnen vierzehn Tagen ohne Angabe von Gr\u00fcnden den Vertrag zu widerrufen.\" \/>\n<meta property=\"og:url\" content=\"https:\/\/www.myresidence.de\/en\/cancellation-policy\/\" \/>\n<meta property=\"og:site_name\" content=\"My Residence\" \/>\n<meta property=\"article:publisher\" content=\"https:\/\/www.facebook.com\/myresidence.immobilien\/\" \/>\n<meta property=\"article:modified_time\" content=\"2018-07-07T20:38:56+00:00\" \/>\n<meta property=\"og:image\" content=\"https:\/\/www.myresidence.de\/wp-content\/uploads\/2019\/07\/Debora_Vogel_My_Residence.jpg\" \/>\n\t<meta property=\"og:image:width\" content=\"420\" \/>\n\t<meta property=\"og:image:height\" content=\"420\" \/>\n<meta name=\"twitter:card\" content=\"summary_large_image\" \/>\n<meta name=\"twitter:site\" content=\"@myresidence_muc\" \/>\n<meta name=\"twitter:label1\" content=\"Est. reading time\" \/>\n\t<meta name=\"twitter:data1\" content=\"3 minutes\" \/>\n<script type=\"application\/ld+json\" class=\"yoast-schema-graph\">{\"@context\":\"https:\/\/schema.org\",\"@graph\":[{\"@type\":\"WebSite\",\"@id\":\"https:\/\/www.myresidence.de\/#website\",\"url\":\"https:\/\/www.myresidence.de\/\",\"name\":\"My Residence\",\"description\":\"Gut wohnen.\",\"potentialAction\":[{\"@type\":\"SearchAction\",\"target\":{\"@type\":\"EntryPoint\",\"urlTemplate\":\"https:\/\/www.myresidence.de\/?s={search_term_string}\"},\"query-input\":\"required name=search_term_string\"}],\"inLanguage\":\"en-US\"},{\"@type\":\"WebPage\",\"@id\":\"https:\/\/www.myresidence.de\/en\/cancellation-policy\/#webpage\",\"url\":\"https:\/\/www.myresidence.de\/en\/cancellation-policy\/\",\"name\":\"Cancellation Policy | myresidence Real Estate Brokerage Munich\",\"isPartOf\":{\"@id\":\"https:\/\/www.myresidence.de\/#website\"},\"datePublished\":\"2018-07-07T14:45:51+00:00\",\"dateModified\":\"2018-07-07T20:38:56+00:00\",\"description\":\"Belehrung \\u00fcber das Widerrufsrecht eines Verbrauchers. Sie haben das Recht, binnen vierzehn Tagen ohne Angabe von Gr\\u00fcnden den Vertrag zu widerrufen.\",\"breadcrumb\":{\"@id\":\"https:\/\/www.myresidence.de\/en\/cancellation-policy\/#breadcrumb\"},\"inLanguage\":\"en-US\",\"potentialAction\":[{\"@type\":\"ReadAction\",\"target\":[\"https:\/\/www.myresidence.de\/en\/cancellation-policy\/\"]}]},{\"@type\":\"BreadcrumbList\",\"@id\":\"https:\/\/www.myresidence.de\/en\/cancellation-policy\/#breadcrumb\",\"itemListElement\":[{\"@type\":\"ListItem\",\"position\":1,\"name\":\"Home\",\"item\":\"https:\/\/www.myresidence.de\/en\/startseite-2-2\/\"},{\"@type\":\"ListItem\",\"position\":2,\"name\":\"Cancellation Policy\"}]}]}<\/script>\n<!-- \/ Yoast SEO Premium plugin. -->","_links":{"self":[{"href":"https:\/\/www.myresidence.de\/en\/wp-json\/wp\/v2\/pages\/13816"}],"collection":[{"href":"https:\/\/www.myresidence.de\/en\/wp-json\/wp\/v2\/pages"}],"about":[{"href":"https:\/\/www.myresidence.de\/en\/wp-json\/wp\/v2\/types\/page"}],"author":[{"embeddable":true,"href":"https:\/\/www.myresidence.de\/en\/wp-json\/wp\/v2\/users\/1"}],"replies":[{"embeddable":true,"href":"https:\/\/www.myresidence.de\/en\/wp-json\/wp\/v2\/comments?post=13816"}],"version-history":[{"count":0,"href":"https:\/\/www.myresidence.de\/en\/wp-json\/wp\/v2\/pages\/13816\/revisions"}],"wp:attachment":[{"href":"https:\/\/www.myresidence.de\/en\/wp-json\/wp\/v2\/media?parent=13816"}],"curies":[{"name":"wp","href":"https:\/\/api.w.org\/{rel}","templated":true}]}}