{"id":13716,"date":"2018-07-06T19:13:18","date_gmt":"2018-07-06T17:13:18","guid":{"rendered":"https:\/\/www.myresidence.de\/about-us\/"},"modified":"2018-07-07T22:28:12","modified_gmt":"2018-07-07T20:28:12","slug":"about-us","status":"publish","type":"page","link":"https:\/\/www.myresidence.de\/en\/about-us\/","title":{"rendered":"About Us"},"content":{"rendered":"<p>[et_pb_section bb_built=&#8221;1&#8243; fullwidth=&#8221;off&#8221; specialty=&#8221;on&#8221; _builder_version=&#8221;3.0.93&#8243; custom_padding=&#8221;0px|10px||10px&#8221; custom_padding_last_edited=&#8221;on|tablet&#8221;][et_pb_column type=&#8221;3_4&#8243; specialty_columns=&#8221;3&#8243;][et_pb_row_inner parallax_method_1=&#8221;off&#8221; custom_padding_last_edited=&#8221;on|phone&#8221; _builder_version=&#8221;3.0.92&#8243; custom_padding=&#8221;35px||0px|&#8221; custom_margin=&#8221;0px|||&#8221; custom_padding_tablet=&#8221;30px||0px|&#8221;][et_pb_column_inner type=&#8221;4_4&#8243; saved_specialty_column_type=&#8221;3_4&#8243;][et_pb_divider color=&#8221;#1976d2&#8243; show_divider=&#8221;on&#8221; height=&#8221;0px&#8221; _builder_version=&#8221;3.0.92&#8243; custom_margin_last_edited=&#8221;on|desktop&#8221; custom_margin=&#8221;||20px|&#8221; \/][et_pb_text _builder_version=&#8221;3.0.92&#8243; background_color=&#8221;rgba(189,189,189,0.1)&#8221; custom_padding=&#8221;20px||10px|&#8221; custom_padding_last_edited=&#8221;on|phone&#8221; custom_padding_tablet=&#8221;|10px||10px&#8221; custom_margin=&#8221;||20px|&#8221; custom_margin_last_edited=&#8221;on|desktop&#8221; background_layout=&#8221;light&#8221;]<\/p>\n<h1 style=\"text-align: center;\"><strong>ABOUT US<\/strong><\/h1>\n<p>[\/et_pb_text][et_pb_divider color=&#8221;#1976d2&#8243; show_divider=&#8221;on&#8221; height=&#8221;0px&#8221; _builder_version=&#8221;3.0.91&#8243; custom_margin_last_edited=&#8221;on|tablet&#8221; custom_margin_tablet=&#8221;|||&#8221; \/][et_pb_text admin_label=&#8221;Impressum (Teil 1)&#8221; _builder_version=&#8221;3.0.93&#8243; background_layout=&#8221;light&#8221; module_class=&#8221;impressum&#8221; header_font_size=&#8221;20px&#8221; header_font_size_last_edited=&#8221;on|phone&#8221;]<\/p>\n<h1><strong>myresidence Immobilienmanagement GmbH<\/strong><\/h1>\n<p>Lachnerstrasse 16<br \/>80639 Munich<\/p>\n<pre><\/pre>\n<p>[wp-svg-icons icon=&#8221;phone&#8221; wrap=&#8221;span&#8221; ] <a href=\"tel:08990142224\">089 9014 2224<\/a><\/p>\n<pre><\/pre>\n<p>[wp-svg-icons icon=&#8221;envelop&#8221; wrap=&#8221;span&#8221;] <a href=\"mailto:empfang@myresidence.de\">empfang@myresidence.de<\/a><\/p>\n<p>[\/et_pb_text][et_pb_text admin_label=&#8221;Impressum (Teil 2)&#8221; _builder_version=&#8221;3.0.93&#8243; background_layout=&#8221;light&#8221; module_class=&#8221;impressum&#8221; header_font_size=&#8221;20px&#8221; header_font_size_last_edited=&#8221;on|phone&#8221;]<\/p>\n<p>Gesch\u00e4ftsf\u00fchrende Gesellschafter: Florian Vogel, Debora Vogel<br \/>\nHandelsregister: Amtsgericht M\u00fcnchen<br \/>\nRegisternummer: HRB 225201<br \/>\nUSt.-Id.-Nr.: DE307017431<br \/>\nAufsichtsbeh\u00f6rde: Amtsgericht M\u00fcnchen, Infanteriestrasse 5, 80325 M\u00fcnchen<\/p>\n<p>Die Gewerbeerlaubnis gem. \u00a734 c GewO wurde durch die Landeshauptstadt M\u00fcnchen erteilt.<\/p>\n<p>[\/et_pb_text][\/et_pb_column_inner][\/et_pb_row_inner][et_pb_row_inner parallax_method_1=&#8221;off&#8221; custom_padding_last_edited=&#8221;on|phone&#8221; _builder_version=&#8221;3.0.99&#8243; custom_padding=&#8221;35px|||&#8221; custom_margin=&#8221;0px|||&#8221; custom_padding_tablet=&#8221;30px|||&#8221;][et_pb_column_inner type=&#8221;4_4&#8243; saved_specialty_column_type=&#8221;3_4&#8243;][et_pb_divider color=&#8221;#1976d2&#8243; show_divider=&#8221;on&#8221; height=&#8221;0px&#8221; _builder_version=&#8221;3.0.92&#8243; custom_margin_last_edited=&#8221;on|desktop&#8221; custom_margin=&#8221;||20px|&#8221; \/][et_pb_text _builder_version=&#8221;3.0.92&#8243; background_color=&#8221;rgba(189,189,189,0.1)&#8221; custom_padding=&#8221;20px||10px|&#8221; custom_padding_last_edited=&#8221;on|phone&#8221; custom_padding_tablet=&#8221;|10px||10px&#8221; custom_margin=&#8221;||20px|&#8221; custom_margin_last_edited=&#8221;on|desktop&#8221; background_layout=&#8221;light&#8221;]<\/p>\n<h1 style=\"text-align: center;\"><strong>Rechtliche Hinweise zu unserer Internetpr\u00e4senz<\/strong><\/h1>\n<p>[\/et_pb_text][et_pb_divider color=&#8221;#1976d2&#8243; show_divider=&#8221;on&#8221; height=&#8221;0px&#8221; _builder_version=&#8221;3.0.91&#8243; custom_margin_last_edited=&#8221;on|tablet&#8221; custom_margin_tablet=&#8221;|||&#8221; \/][et_pb_text admin_label=&#8221;Urheber- und Leistungsschutzrechte&#8221; _builder_version=&#8221;3.0.92&#8243; background_layout=&#8221;light&#8221; module_class=&#8221;impressum&#8221; header_font_size=&#8221;20px&#8221; header_font_size_last_edited=&#8221;on|phone&#8221;]<\/p>\n<h2><strong>Urheber- und Leistungsschutzrechte<\/strong><\/h2>\n<p>S\u00e4mtliche auf dieser Website ver\u00f6ffentlichten Inhalte, insbesondere Texte, Bilder, Objektfotografien und Grafiken, unterliegen dem deutschen Urheber- und Leistungsschutzrecht. Jede vom deutschen Urheber- und Leistungsschutzrecht nicht zugelassene Verwertung bedarf der vorherigen schriftlichen Zustimmung des Anbieters oder jeweiligen Rechteinhabers. Dies gilt insbesondere f\u00fcr Vervielf\u00e4ltigung, Bearbeitung, \u00dcbersetzung, Einspeicherung, Verarbeitung bzw. Wiedergabe von Inhalten in Datenbanken oder anderen elektronischen Medien und Systemen. Inhalte und Rechte Dritter sind dabei als solche gekennzeichnet. Die unerlaubte Vervielf\u00e4ltigung oder Weitergabe einzelner Inhalte oder kompletter Seiten ist nicht gestattet und strafbar. Die Darstellung dieser Website in fremden Frames ist nur mit unserer schriftlichen Erlaubnis zul\u00e4ssig.<\/p>\n<p>[\/et_pb_text][et_pb_text admin_label=&#8221;Verbraucherinformationen&#8221; _builder_version=&#8221;3.0.92&#8243; background_layout=&#8221;light&#8221; module_class=&#8221;impressum&#8221; header_font_size=&#8221;20px&#8221; header_font_size_last_edited=&#8221;on|phone&#8221;]<\/p>\n<h2><strong>Verbraucherinformationen<\/strong><\/h2>\n<p>Gem\u00e4\u00df der Richtlinie 2013\/11\/EU richtet die EU-Kommission eine Internetplattform zur Online-Beilegung von Streitigkeiten (\u201eOS-Plattform\u201c) zwischen Unternehmern und Verbrauchern ein. <\/p>\n<p>Diese ist unter folgendem Link erreichbar: <\/p>\n<p><a href=\"http:\/\/ec.europa.eu\/consumers\/odr\">http:\/\/ec.europa.eu\/consumers\/odr<\/a><\/p>\n<p>[\/et_pb_text][et_pb_text admin_label=&#8221;Haftung f\u00fcr Inhalte&#8221; _builder_version=&#8221;3.0.92&#8243; background_layout=&#8221;light&#8221; module_class=&#8221;impressum&#8221; header_font_size=&#8221;20px&#8221; header_font_size_last_edited=&#8221;on|phone&#8221;]<\/p>\n<h2><strong>Haftung f\u00fcr Inhalte<\/strong><\/h2>\n<p>Die Inhalte unserer Seiten wurden mit gr\u00f6\u00dfter Sorgfalt erstellt. F\u00fcr die Richtigkeit, Vollst\u00e4ndigkeit und Aktualit\u00e4t der Inhalte k\u00f6nnen wir jedoch keine Gew\u00e4hr \u00fcbernehmen. Als Diensteanbieter sind wir f\u00fcr unsere eigenen Inhalte auf diesen Seiten nach den allgemeinen Gesetzen verantwortlich. Wir sind jedoch nicht verpflichtet, \u00fcbermittelte oder gespeicherte fremde Informationen zu \u00fcberwachen oder nach Umst\u00e4nden zu forschen, die auf eine rechtswidrige T\u00e4tigkeit hinweisen. Verpflichtungen zur Entfernung oder Sperrung der Nutzung von Informationen nach den allgemeinen Gesetzen bleiben hiervon unber\u00fchrt. Eine diesbez\u00fcgliche Haftung ist jedoch erst ab dem Zeitpunkt der Kenntnisnahme einer konkreten Rechtsverletzung m\u00f6glich. Bei Bekanntwerden entsprechender Rechtsverletzungen werden wir diese Inhalte umgehend entfernen.<\/p>\n<p>[\/et_pb_text][et_pb_text admin_label=&#8221;Haftung f\u00fcr Links&#8221; _builder_version=&#8221;3.0.92&#8243; background_layout=&#8221;light&#8221; module_class=&#8221;impressum&#8221; header_font_size=&#8221;20px&#8221; header_font_size_last_edited=&#8221;on|phone&#8221;]<\/p>\n<h2><strong>Haftung f\u00fcr Links<\/strong><\/h2>\n<p>Unser Angebot enth\u00e4lt m\u00f6glicherweise Links zu externen Webseiten Dritter, auf deren Inhalte wir keinen Einfluss haben. Deshalb k\u00f6nnen wir f\u00fcr diese fremden Inhalte auch keine Gew\u00e4hr \u00fcbernehmen. F\u00fcr die Inhalte der verlinkten Seiten ist stets der jeweilige Anbieter oder Betreiber der Seiten verantwortlich.  Rechtswidrige Inhalte waren zum Zeitpunkt der Verlinkung nicht erkennbar. Eine permanente inhaltliche Kontrolle der verlinkten Seiten ist ohne konkrete Anhaltspunkte einer Rechtsverletzung nicht zumutbar. Bei Bekanntgabe von Rechtsverletzungen werden wir derartige Links umgehend entfernen.<\/p>\n<p>[\/et_pb_text][et_pb_text admin_label=&#8221;Urheberrecht&#8221; _builder_version=&#8221;3.0.92&#8243; background_layout=&#8221;light&#8221; module_class=&#8221;impressum&#8221; header_font_size=&#8221;20px&#8221; header_font_size_last_edited=&#8221;on|phone&#8221;]<\/p>\n<h2><strong>Urheberrecht<\/strong><\/h2>\n<p>Die durch die Seitenbetreiber erstellten Inhalte und Werke auf diesen Seiten unterliegen dem deutschen Urheberrecht. Die Vervielf\u00e4ltigung, Bearbeitung, Verbreitung und jede Art der Verwertung au\u00dferhalb der Grenzen des Urheberrechtes bed\u00fcrfen unserer schriftlichen Zustimmung. Soweit Inhalte auf dieser Seite nicht von uns erstellt wurden, sind die Urheberrechte Dritter zu beachten. Sollten Sie auf eine Urheberrechtsverletzung aufmerksam werden, bitten wir um einen entsprechenden Hinweis. Bei Bekanntwerden von Rechtsverletzungen werden wir derartige Inhalte umgehend entfernen.<\/p>\n<p>[\/et_pb_text][et_pb_text admin_label=&#8221;Copyright f\u00fcr Bilder und Grafiken&#8221; _builder_version=&#8221;3.0.92&#8243; background_layout=&#8221;light&#8221; module_class=&#8221;impressum&#8221; header_font_size=&#8221;20px&#8221; header_font_size_last_edited=&#8221;on|phone&#8221;]<\/p>\n<h2><strong>Copyright f\u00fcr Bilder und Grafiken<\/strong><\/h2>\n<p>Die Bilder und Grafiken sind durch unsere professionelle Fotografen, Graphikdesigner und Architekten erstellt worden. Weitere Bilder wurden bei Bildagenturen erworben und zur Verwendung lizensiert. Alle Daten (insbesondere Texte, Bilder, Grafiken, u.a. Grundrisse und Illustrationen, etc.) sind urheberrechtlich gesch\u00fctzt. Es besteht ein ausschlie\u00dfliches Nutzungsrecht der myresidence Immobilienmanagement GmbH. Vervielf\u00e4ltigungen und jegliche weitere Verwendung bed\u00fcrfen der vorherigen schriftlichen Zustimmung. <\/p>\n<pre><\/pre>\n<p><strong>Jede widerrechtliche Nutzung unserer Inhalte ohne unsere schriftliche Genehmigung wird rechtlich verfolgt.<\/strong><\/p>\n<p>[\/et_pb_text][\/et_pb_column_inner][\/et_pb_row_inner][\/et_pb_column][et_pb_column type=&#8221;1_4&#8243;][\/et_pb_column][\/et_pb_section]<\/p>\n","protected":false},"excerpt":{"rendered":"<p>[et_pb_section bb_built=&#8221;1&#8243; fullwidth=&#8221;off&#8221; specialty=&#8221;on&#8221; _builder_version=&#8221;3.0.93&#8243; custom_padding=&#8221;0px|10px||10px&#8221; custom_padding_last_edited=&#8221;on|tablet&#8221;][et_pb_column type=&#8221;3_4&#8243; specialty_columns=&#8221;3&#8243;][et_pb_row_inner parallax_method_1=&#8221;off&#8221; custom_padding_last_edited=&#8221;on|phone&#8221; _builder_version=&#8221;3.0.92&#8243; custom_padding=&#8221;35px||0px|&#8221; custom_margin=&#8221;0px|||&#8221; custom_padding_tablet=&#8221;30px||0px|&#8221;][et_pb_column_inner type=&#8221;4_4&#8243; saved_specialty_column_type=&#8221;3_4&#8243;][et_pb_divider color=&#8221;#1976d2&#8243; show_divider=&#8221;on&#8221; height=&#8221;0px&#8221; _builder_version=&#8221;3.0.92&#8243; custom_margin_last_edited=&#8221;on|desktop&#8221; custom_margin=&#8221;||20px|&#8221; \/][et_pb_text _builder_version=&#8221;3.0.92&#8243; background_color=&#8221;rgba(189,189,189,0.1)&#8221; custom_padding=&#8221;20px||10px|&#8221; custom_padding_last_edited=&#8221;on|phone&#8221; custom_padding_tablet=&#8221;|10px||10px&#8221; custom_margin=&#8221;||20px|&#8221; custom_margin_last_edited=&#8221;on|desktop&#8221; background_layout=&#8221;light&#8221;] ABOUT US [\/et_pb_text][et_pb_divider color=&#8221;#1976d2&#8243; show_divider=&#8221;on&#8221; height=&#8221;0px&#8221; _builder_version=&#8221;3.0.91&#8243; custom_margin_last_edited=&#8221;on|tablet&#8221; custom_margin_tablet=&#8221;|||&#8221; \/][et_pb_text admin_label=&#8221;Impressum (Teil 1)&#8221; _builder_version=&#8221;3.0.93&#8243; background_layout=&#8221;light&#8221; module_class=&#8221;impressum&#8221; header_font_size=&#8221;20px&#8221; header_font_size_last_edited=&#8221;on|phone&#8221;] myresidence Immobilienmanagement GmbH Lachnerstrasse 1680639 [&hellip;]<\/p>\n","protected":false},"author":1,"featured_media":0,"parent":0,"menu_order":0,"comment_status":"closed","ping_status":"closed","template":"","meta":{"_et_pb_use_builder":"on","_et_pb_old_content":"","_et_gb_content_width":""},"yoast_head":"<!-- This site is optimized with the Yoast SEO Premium plugin v16.6 (Yoast SEO v16.6.1) - https:\/\/yoast.com\/wordpress\/plugins\/seo\/ -->\n<title>About Us | myresidence Real Estate Brokerage Munich<\/title>\n<meta name=\"description\" content=\"Hier finden Sie das Impressum der myresidence Immobilienmanagement Gmbh M\u00fcnchen und rechtliche Hinweise zu unserer Internetpr\u00e4senz.\" \/>\n<meta name=\"robots\" content=\"index, follow, max-snippet:-1, max-image-preview:large, max-video-preview:-1\" \/>\n<link rel=\"canonical\" href=\"https:\/\/www.myresidence.de\/en\/about-us\/\" \/>\n<meta property=\"og:locale\" content=\"en_US\" \/>\n<meta property=\"og:type\" content=\"article\" \/>\n<meta property=\"og:title\" content=\"About Us\" \/>\n<meta property=\"og:description\" content=\"Hier finden Sie das Impressum der myresidence Immobilienmanagement Gmbh M\u00fcnchen und rechtliche Hinweise zu unserer Internetpr\u00e4senz.\" \/>\n<meta property=\"og:url\" content=\"https:\/\/www.myresidence.de\/en\/about-us\/\" \/>\n<meta property=\"og:site_name\" content=\"My Residence\" \/>\n<meta property=\"article:publisher\" content=\"https:\/\/www.facebook.com\/myresidence.immobilien\/\" \/>\n<meta property=\"article:modified_time\" content=\"2018-07-07T20:28:12+00:00\" \/>\n<meta property=\"og:image\" content=\"https:\/\/www.myresidence.de\/wp-content\/uploads\/2019\/07\/Debora_Vogel_My_Residence.jpg\" \/>\n\t<meta property=\"og:image:width\" content=\"420\" \/>\n\t<meta property=\"og:image:height\" content=\"420\" \/>\n<meta name=\"twitter:card\" content=\"summary_large_image\" \/>\n<meta name=\"twitter:site\" content=\"@myresidence_muc\" \/>\n<meta name=\"twitter:label1\" content=\"Est. reading time\" \/>\n\t<meta name=\"twitter:data1\" content=\"5 minutes\" \/>\n<script type=\"application\/ld+json\" class=\"yoast-schema-graph\">{\"@context\":\"https:\/\/schema.org\",\"@graph\":[{\"@type\":\"WebSite\",\"@id\":\"https:\/\/www.myresidence.de\/#website\",\"url\":\"https:\/\/www.myresidence.de\/\",\"name\":\"My Residence\",\"description\":\"Gut wohnen.\",\"potentialAction\":[{\"@type\":\"SearchAction\",\"target\":{\"@type\":\"EntryPoint\",\"urlTemplate\":\"https:\/\/www.myresidence.de\/?s={search_term_string}\"},\"query-input\":\"required name=search_term_string\"}],\"inLanguage\":\"en-US\"},{\"@type\":\"WebPage\",\"@id\":\"https:\/\/www.myresidence.de\/en\/about-us\/#webpage\",\"url\":\"https:\/\/www.myresidence.de\/en\/about-us\/\",\"name\":\"About Us | myresidence Real Estate Brokerage Munich\",\"isPartOf\":{\"@id\":\"https:\/\/www.myresidence.de\/#website\"},\"datePublished\":\"2018-07-06T17:13:18+00:00\",\"dateModified\":\"2018-07-07T20:28:12+00:00\",\"description\":\"Hier finden Sie das Impressum der myresidence Immobilienmanagement Gmbh M\\u00fcnchen und rechtliche Hinweise zu unserer Internetpr\\u00e4senz.\",\"breadcrumb\":{\"@id\":\"https:\/\/www.myresidence.de\/en\/about-us\/#breadcrumb\"},\"inLanguage\":\"en-US\",\"potentialAction\":[{\"@type\":\"ReadAction\",\"target\":[\"https:\/\/www.myresidence.de\/en\/about-us\/\"]}]},{\"@type\":\"BreadcrumbList\",\"@id\":\"https:\/\/www.myresidence.de\/en\/about-us\/#breadcrumb\",\"itemListElement\":[{\"@type\":\"ListItem\",\"position\":1,\"name\":\"Home\",\"item\":\"https:\/\/www.myresidence.de\/en\/startseite-2-2\/\"},{\"@type\":\"ListItem\",\"position\":2,\"name\":\"About Us\"}]}]}<\/script>\n<!-- \/ Yoast SEO Premium plugin. -->","_links":{"self":[{"href":"https:\/\/www.myresidence.de\/en\/wp-json\/wp\/v2\/pages\/13716"}],"collection":[{"href":"https:\/\/www.myresidence.de\/en\/wp-json\/wp\/v2\/pages"}],"about":[{"href":"https:\/\/www.myresidence.de\/en\/wp-json\/wp\/v2\/types\/page"}],"author":[{"embeddable":true,"href":"https:\/\/www.myresidence.de\/en\/wp-json\/wp\/v2\/users\/1"}],"replies":[{"embeddable":true,"href":"https:\/\/www.myresidence.de\/en\/wp-json\/wp\/v2\/comments?post=13716"}],"version-history":[{"count":0,"href":"https:\/\/www.myresidence.de\/en\/wp-json\/wp\/v2\/pages\/13716\/revisions"}],"wp:attachment":[{"href":"https:\/\/www.myresidence.de\/en\/wp-json\/wp\/v2\/media?parent=13716"}],"curies":[{"name":"wp","href":"https:\/\/api.w.org\/{rel}","templated":true}]}}