{"id":13708,"date":"2018-07-06T19:08:06","date_gmt":"2018-07-06T17:08:06","guid":{"rendered":"https:\/\/www.myresidence.de\/terms-and-conditions\/"},"modified":"2018-07-07T22:34:38","modified_gmt":"2018-07-07T20:34:38","slug":"terms-and-conditions","status":"publish","type":"page","link":"https:\/\/www.myresidence.de\/en\/terms-and-conditions\/","title":{"rendered":"Terms and Conditions"},"content":{"rendered":"<p>[et_pb_section bb_built=&#8221;1&#8243; fullwidth=&#8221;off&#8221; specialty=&#8221;on&#8221; _builder_version=&#8221;3.0.93&#8243; custom_padding=&#8221;0px|10px||10px&#8221; custom_padding_last_edited=&#8221;on|desktop&#8221;][et_pb_column type=&#8221;3_4&#8243; specialty_columns=&#8221;3&#8243;][et_pb_row_inner custom_padding=&#8221;35px|0px|0px|0px&#8221; custom_padding_tablet=&#8221;30px|0px|0px|0px&#8221; custom_padding_phone=&#8221;30px|||&#8221; use_custom_gutter=&#8221;on&#8221; parallax_method_1=&#8221;off&#8221; custom_padding_last_edited=&#8221;on|phone&#8221; _builder_version=&#8221;3.0.92&#8243; custom_margin=&#8221;0px|||&#8221;][et_pb_column_inner type=&#8221;4_4&#8243; saved_specialty_column_type=&#8221;3_4&#8243;][et_pb_divider color=&#8221;#1976d2&#8243; show_divider=&#8221;on&#8221; height=&#8221;0px&#8221; _builder_version=&#8221;3.0.91&#8243; custom_margin_last_edited=&#8221;on|desktop&#8221; custom_margin=&#8221;||20px|&#8221; \/][et_pb_text _builder_version=&#8221;3.0.92&#8243; background_color=&#8221;rgba(189,189,189,0.1)&#8221; custom_padding=&#8221;20px||10px|&#8221; custom_padding_last_edited=&#8221;on|phone&#8221; custom_padding_tablet=&#8221;|10px||10px&#8221; custom_margin=&#8221;||20px|&#8221; custom_margin_last_edited=&#8221;on|desktop&#8221; background_layout=&#8221;light&#8221; custom_padding_phone=&#8221;|5px||5px&#8221; header_2_text_align=&#8221;center&#8221; header_2_font_size=&#8221;22px&#8221; header_2_font_size_phone=&#8221;20px&#8221; header_2_font_size_last_edited=&#8221;on|phone&#8221;]<\/p>\n<h1 style=\"text-align: center;\"><strong>TERMS AND CONDITIONS<\/strong><\/h1>\n<h2 style=\"text-align: center;\">myresidence Immobilienmanagement GmbH<\/h2>\n<p>[\/et_pb_text][et_pb_divider color=&#8221;#1976d2&#8243; show_divider=&#8221;on&#8221; height=&#8221;0px&#8221; _builder_version=&#8221;3.0.91&#8243; custom_margin_last_edited=&#8221;on|tablet&#8221; custom_margin_tablet=&#8221;|||&#8221; \/][\/et_pb_column_inner][\/et_pb_row_inner][et_pb_row_inner admin_label=&#8221;Row&#8221; _builder_version=&#8221;3.0.99&#8243; custom_padding_last_edited=&#8221;on|phone&#8221;][et_pb_column_inner type=&#8221;4_4&#8243; saved_specialty_column_type=&#8221;3_4&#8243;][et_pb_text background_position=&#8221;top_left&#8221; background_repeat=&#8221;repeat&#8221; background_size=&#8221;initial&#8221; _builder_version=&#8221;3.0.105&#8243; background_layout=&#8221;light&#8221; header_2_font_size=&#8221;22px&#8221; header_2_font_size_phone=&#8221;20px&#8221; header_2_font_size_last_edited=&#8221;on|desktop&#8221; header_2_text_align=&#8221;left&#8221;]<\/p>\n<p>Durch die Verwendung unserer Angebote, insbesondere diesbez\u00fcgliche Kontaktaufnahme, kommt zwischen der myresidence Immobilienmanagement GmbH (im Folgenden: Makler) und dem Interessenten (im Folgenden: Kunde) ein Maklervertrag zustande, f\u00fcr den die folgenden Allgemeine Gesch\u00e4ftsbedingungen (AGB) gelten:<\/p>\n<pre><\/pre>\n<h2>1. Maklerprovision<\/h2>\n<p>Bis zum Erwerb einer Immobilie arbeitet der Makler f\u00fcr den Kunden kostenfrei. Erst mit dem Abschluss eines notariellen Kaufvertrags schuldet der Kunde dem Makler f\u00fcr den Nachweis bzw. die Vermittlung eine Maklerprovision in H\u00f6he von 3,57 % inkl. 19% MwSt. aus dem wirtschaftlichen Gesamtkaufpreis. Dem Abschluss eines Kaufvertrages ist jeder andere Erwerb des wirtschaftlich Gewollten wie z.B. beim Zuschlag in einer Versteigerung, der Kauf eines Gesellschaftsanteils etc. gleichgestellt. Der Makler wird in der Regel auch f\u00fcr den Verk\u00e4ufer provisionspflichtig t\u00e4tig.<\/p>\n<pre><\/pre>\n<h2>2. Angebote<\/h2>\n<p>Alle Angebote erfolgen freibleibend und unverbindlich. Die objektbezogenen Angaben beruhen auf Informationen, die dem Makler vom Verk\u00e4ufer\/Vermieter zur Verf\u00fcgung gestellt wurden. Trotz sorgf\u00e4ltiger Pr\u00fcfung und Aufbereitung der Unterlagen kann der Makler f\u00fcr die Richtigkeit und Vollst\u00e4ndigkeit der Angaben des Verk\u00e4ufers\/Vermieters keine Gew\u00e4hr \u00fcbernehmen.<\/p>\n<pre><\/pre>\n<h2>3. Vorkenntnis<\/h2>\n<p>Weist der Makler ein Objekt nach, das dem Kunden bereits bekannt gewesen ist, ist dieser verpflichtet, den Makler unverz\u00fcglich schriftlich darauf hinzuweisen und die behauptete Vorkenntnis auf Verlangen des Maklers anhand von Dokumenten zu belegen.<\/p>\n<pre><\/pre>\n<h2>4. Weitergabeverbot\/Schadensersatz<\/h2>\n<p>S\u00e4mtliche Informationen des Maklers \u00fcber ein Objekt, die er im Laufe seiner T\u00e4tigkeit erbringt, sind ausschlie\u00dflich f\u00fcr den Kunden bestimmt und d\u00fcrfen von diesem nicht an Dritte weitergegeben werden. Verst\u00f6\u00dft der Kunde gegen dieses Weitergabeverbot und schlie\u00dft der Dritte oder eine weitere Person, an die der Dritte seinerseits die Informationen weitergegeben hat, den Hauptvertrag ab, so schuldet der Kunde einen entsprechenden Schadensersatz in H\u00f6he der Maklerprovision zzgl. 19% MwSt.<\/p>\n<pre><\/pre>\n<h2>5. Haftung<\/h2>\n<p>Der Makler und seine Mitarbeiter haften unbeschr\u00e4nkt bei Vorsatz oder grober Fahrl\u00e4ssigkeit sowie f\u00fcr die Verletzung von Leben, Leib oder Gesundheit. Bei leicht fahrl\u00e4ssiger Verletzung einer Hauptpflicht ist die Haftung des Maklers in der H\u00f6he begrenzt auf vorhersehbare und typische Sch\u00e4den.<\/p>\n<pre><\/pre>\n<h2>6. Datenschutz<\/h2>\n<p>Der Kunde willigt ein, dass der Makler Daten, die sich aus diesem Vertrag oder dessen Durchf\u00fchrung ergeben, erhebt, verarbeitet, nutzt und diese im erforderlichen Umfange an Dritte \u00fcbermittelt.<\/p>\n<pre><\/pre>\n<h2>7. Salvatorische Klausel\/Schriftform<\/h2>\n<p>Bei Unwirksamkeit einzelner Bestimmungen bleiben die \u00fcbrigen davon unber\u00fchrt und werden durch wirksame mit gleichem oder m\u00f6glichst \u00e4hnlichem Regelungsgehalt ersetzt. \u00c4nderungen und Erg\u00e4nzungen des Maklervertrages oder dieser Schriftformklausel bed\u00fcrfen ausdr\u00fccklich der Schriftform.<\/p>\n<p>[\/et_pb_text][\/et_pb_column_inner][\/et_pb_row_inner][\/et_pb_column][et_pb_column type=&#8221;1_4&#8243;][\/et_pb_column][\/et_pb_section]<\/p>\n","protected":false},"excerpt":{"rendered":"<p>[et_pb_section bb_built=&#8221;1&#8243; fullwidth=&#8221;off&#8221; specialty=&#8221;on&#8221; _builder_version=&#8221;3.0.93&#8243; custom_padding=&#8221;0px|10px||10px&#8221; custom_padding_last_edited=&#8221;on|desktop&#8221;][et_pb_column type=&#8221;3_4&#8243; specialty_columns=&#8221;3&#8243;][et_pb_row_inner custom_padding=&#8221;35px|0px|0px|0px&#8221; custom_padding_tablet=&#8221;30px|0px|0px|0px&#8221; custom_padding_phone=&#8221;30px|||&#8221; use_custom_gutter=&#8221;on&#8221; parallax_method_1=&#8221;off&#8221; custom_padding_last_edited=&#8221;on|phone&#8221; _builder_version=&#8221;3.0.92&#8243; custom_margin=&#8221;0px|||&#8221;][et_pb_column_inner type=&#8221;4_4&#8243; saved_specialty_column_type=&#8221;3_4&#8243;][et_pb_divider color=&#8221;#1976d2&#8243; show_divider=&#8221;on&#8221; height=&#8221;0px&#8221; _builder_version=&#8221;3.0.91&#8243; custom_margin_last_edited=&#8221;on|desktop&#8221; custom_margin=&#8221;||20px|&#8221; \/][et_pb_text _builder_version=&#8221;3.0.92&#8243; background_color=&#8221;rgba(189,189,189,0.1)&#8221; custom_padding=&#8221;20px||10px|&#8221; custom_padding_last_edited=&#8221;on|phone&#8221; custom_padding_tablet=&#8221;|10px||10px&#8221; custom_margin=&#8221;||20px|&#8221; custom_margin_last_edited=&#8221;on|desktop&#8221; background_layout=&#8221;light&#8221; custom_padding_phone=&#8221;|5px||5px&#8221; header_2_text_align=&#8221;center&#8221; header_2_font_size=&#8221;22px&#8221; header_2_font_size_phone=&#8221;20px&#8221; header_2_font_size_last_edited=&#8221;on|phone&#8221;] TERMS AND CONDITIONS myresidence Immobilienmanagement GmbH [\/et_pb_text][et_pb_divider color=&#8221;#1976d2&#8243; show_divider=&#8221;on&#8221; height=&#8221;0px&#8221; _builder_version=&#8221;3.0.91&#8243; custom_margin_last_edited=&#8221;on|tablet&#8221; custom_margin_tablet=&#8221;|||&#8221; \/][\/et_pb_column_inner][\/et_pb_row_inner][et_pb_row_inner admin_label=&#8221;Row&#8221; _builder_version=&#8221;3.0.99&#8243; [&hellip;]<\/p>\n","protected":false},"author":1,"featured_media":0,"parent":0,"menu_order":0,"comment_status":"closed","ping_status":"closed","template":"","meta":{"_et_pb_use_builder":"on","_et_pb_old_content":"","_et_gb_content_width":""},"yoast_head":"<!-- This site is optimized with the Yoast SEO Premium plugin v16.6 (Yoast SEO v16.6.1) - https:\/\/yoast.com\/wordpress\/plugins\/seo\/ -->\n<title>Terms &amp; Conditions | myresidence Real Estate Brokerage Munich<\/title>\n<meta name=\"description\" content=\"De allgemeinen Gesch\u00e4ftsbedingungen (AGB) der myresidence Immobilienmanagement GmbH M\u00fcnchen finden Sie hier.\" \/>\n<meta name=\"robots\" content=\"index, follow, max-snippet:-1, max-image-preview:large, max-video-preview:-1\" \/>\n<link rel=\"canonical\" href=\"https:\/\/www.myresidence.de\/en\/terms-and-conditions\/\" \/>\n<meta property=\"og:locale\" content=\"en_US\" \/>\n<meta property=\"og:type\" content=\"article\" \/>\n<meta property=\"og:title\" content=\"Terms and Conditions\" \/>\n<meta property=\"og:description\" content=\"De allgemeinen Gesch\u00e4ftsbedingungen (AGB) der myresidence Immobilienmanagement GmbH M\u00fcnchen finden Sie hier.\" \/>\n<meta property=\"og:url\" content=\"https:\/\/www.myresidence.de\/en\/terms-and-conditions\/\" \/>\n<meta property=\"og:site_name\" content=\"My Residence\" \/>\n<meta property=\"article:publisher\" content=\"https:\/\/www.facebook.com\/myresidence.immobilien\/\" \/>\n<meta property=\"article:modified_time\" content=\"2018-07-07T20:34:38+00:00\" \/>\n<meta property=\"og:image\" content=\"https:\/\/www.myresidence.de\/wp-content\/uploads\/2019\/07\/Debora_Vogel_My_Residence.jpg\" \/>\n\t<meta property=\"og:image:width\" content=\"420\" \/>\n\t<meta property=\"og:image:height\" content=\"420\" \/>\n<meta name=\"twitter:card\" content=\"summary_large_image\" \/>\n<meta name=\"twitter:site\" content=\"@myresidence_muc\" \/>\n<meta name=\"twitter:label1\" content=\"Est. reading time\" \/>\n\t<meta name=\"twitter:data1\" content=\"3 minutes\" \/>\n<script type=\"application\/ld+json\" class=\"yoast-schema-graph\">{\"@context\":\"https:\/\/schema.org\",\"@graph\":[{\"@type\":\"WebSite\",\"@id\":\"https:\/\/www.myresidence.de\/#website\",\"url\":\"https:\/\/www.myresidence.de\/\",\"name\":\"My Residence\",\"description\":\"Gut wohnen.\",\"potentialAction\":[{\"@type\":\"SearchAction\",\"target\":{\"@type\":\"EntryPoint\",\"urlTemplate\":\"https:\/\/www.myresidence.de\/?s={search_term_string}\"},\"query-input\":\"required name=search_term_string\"}],\"inLanguage\":\"en-US\"},{\"@type\":\"WebPage\",\"@id\":\"https:\/\/www.myresidence.de\/en\/terms-and-conditions\/#webpage\",\"url\":\"https:\/\/www.myresidence.de\/en\/terms-and-conditions\/\",\"name\":\"Terms & Conditions | myresidence Real Estate Brokerage Munich\",\"isPartOf\":{\"@id\":\"https:\/\/www.myresidence.de\/#website\"},\"datePublished\":\"2018-07-06T17:08:06+00:00\",\"dateModified\":\"2018-07-07T20:34:38+00:00\",\"description\":\"De allgemeinen Gesch\\u00e4ftsbedingungen (AGB) der myresidence Immobilienmanagement GmbH M\\u00fcnchen finden Sie hier.\",\"breadcrumb\":{\"@id\":\"https:\/\/www.myresidence.de\/en\/terms-and-conditions\/#breadcrumb\"},\"inLanguage\":\"en-US\",\"potentialAction\":[{\"@type\":\"ReadAction\",\"target\":[\"https:\/\/www.myresidence.de\/en\/terms-and-conditions\/\"]}]},{\"@type\":\"BreadcrumbList\",\"@id\":\"https:\/\/www.myresidence.de\/en\/terms-and-conditions\/#breadcrumb\",\"itemListElement\":[{\"@type\":\"ListItem\",\"position\":1,\"name\":\"Home\",\"item\":\"https:\/\/www.myresidence.de\/en\/startseite-2-2\/\"},{\"@type\":\"ListItem\",\"position\":2,\"name\":\"Terms and Conditions\"}]}]}<\/script>\n<!-- \/ Yoast SEO Premium plugin. -->","_links":{"self":[{"href":"https:\/\/www.myresidence.de\/en\/wp-json\/wp\/v2\/pages\/13708"}],"collection":[{"href":"https:\/\/www.myresidence.de\/en\/wp-json\/wp\/v2\/pages"}],"about":[{"href":"https:\/\/www.myresidence.de\/en\/wp-json\/wp\/v2\/types\/page"}],"author":[{"embeddable":true,"href":"https:\/\/www.myresidence.de\/en\/wp-json\/wp\/v2\/users\/1"}],"replies":[{"embeddable":true,"href":"https:\/\/www.myresidence.de\/en\/wp-json\/wp\/v2\/comments?post=13708"}],"version-history":[{"count":0,"href":"https:\/\/www.myresidence.de\/en\/wp-json\/wp\/v2\/pages\/13708\/revisions"}],"wp:attachment":[{"href":"https:\/\/www.myresidence.de\/en\/wp-json\/wp\/v2\/media?parent=13708"}],"curies":[{"name":"wp","href":"https:\/\/api.w.org\/{rel}","templated":true}]}}